{"id":1209,"date":"2025-12-26T19:59:02","date_gmt":"2025-12-26T19:59:02","guid":{"rendered":"https:\/\/florenciaruiz.com\/web\/?post_type=product&#038;p=1209"},"modified":"2026-03-15T14:59:48","modified_gmt":"2026-03-15T14:59:48","slug":"kimono-corto-verde","status":"publish","type":"product","link":"http:\/\/florenciaruiz.com\/web\/product\/kimono-corto-verde\/","title":{"rendered":"Kimono corto verde"},"content":{"rendered":"<p class=\"cvGsUA direction-ltr align-start para-style-body\"><span class=\"a_GcMg font-feature-liga-off font-feature-clig-off font-feature-calt-off text-decoration-none text-strikethrough-none\">Tela viscosa, fresca y natural. Muy agradable al tacto. <\/span><\/p>\n<p class=\"cvGsUA direction-ltr align-start para-style-body\"><span class=\"a_GcMg font-feature-liga-off font-feature-clig-off font-feature-calt-off text-decoration-none text-strikethrough-none\">C\u00f3modo, colorido y f\u00e1cil de llevar.<\/span><\/p>\n<p class=\"cvGsUA direction-ltr align-start para-style-body\"><span class=\"a_GcMg font-feature-liga-off font-feature-clig-off font-feature-calt-off text-decoration-none text-strikethrough-none\">Pieza \u00fanica.<\/span><\/p>\n","protected":false},"excerpt":{"rendered":"<p><span class=\"a_GcMg font-feature-liga-off font-feature-clig-off font-feature-calt-off text-decoration-none text-strikethrough-none\">La historia de este Kimono corto comienza en el maridaje de las telas. La tela verde, era un vestido que se uni\u00f3 como guante al dedo con la tela estampada del vestido mostaza. Y para acabar bien, el bies marr\u00f3n claro ven\u00eda de otro vestido primaveral.<\/span><\/p>\n<p>Por Promoci\u00f3n Lanzamiento se aplica el 20% de descuento.<\/p>\n","protected":false},"featured_media":1213,"template":"","meta":[],"class_list":["post-1209","product","type-product","status-publish","has-post-thumbnail","hentry","product_cat-venta-ropa-arte-para-usar","product_tag-arte-usable","product_tag-kimono-unico"],"_links":{"self":[{"href":"http:\/\/florenciaruiz.com\/web\/wp-json\/wp\/v2\/product\/1209","targetHints":{"allow":["GET"]}}],"collection":[{"href":"http:\/\/florenciaruiz.com\/web\/wp-json\/wp\/v2\/product"}],"about":[{"href":"http:\/\/florenciaruiz.com\/web\/wp-json\/wp\/v2\/types\/product"}],"wp:featuredmedia":[{"embeddable":true,"href":"http:\/\/florenciaruiz.com\/web\/wp-json\/wp\/v2\/media\/1213"}],"wp:attachment":[{"href":"http:\/\/florenciaruiz.com\/web\/wp-json\/wp\/v2\/media?parent=1209"}],"curies":[{"name":"wp","href":"https:\/\/api.w.org\/{rel}","templated":true}]}}