{"id":1199,"date":"2025-12-26T17:55:52","date_gmt":"2025-12-26T17:55:52","guid":{"rendered":"https:\/\/florenciaruiz.com\/web\/?post_type=product&#038;p=1199"},"modified":"2025-12-28T16:01:30","modified_gmt":"2025-12-28T16:01:30","slug":"kimono-urbano","status":"publish","type":"product","link":"http:\/\/florenciaruiz.com\/web\/product\/kimono-urbano\/","title":{"rendered":"Kimono urbano"},"content":{"rendered":"<p class=\"cvGsUA direction-ltr align-start para-style-body\"><span class=\"a_GcMg font-feature-liga-off font-feature-clig-off font-feature-calt-off text-decoration-none text-strikethrough-none\">Dise\u00f1o de l\u00edneas limpias. Telas de algod\u00f3n suaves y frescas. Unisex<\/span><\/p>\n<p class=\"cvGsUA direction-ltr align-start para-style-body\"><span class=\"a_GcMg font-feature-liga-off font-feature-clig-off font-feature-calt-off text-decoration-none text-strikethrough-none\">\u00danica pieza.<\/span><\/p>\n","protected":false},"excerpt":{"rendered":"<p><span class=\"a_GcMg font-feature-liga-off font-feature-clig-off font-feature-calt-off text-decoration-none text-strikethrough-none\">La historia de este Kimono minimalista es que fue confeccionado<\/span>\u00a0<span class=\"a_GcMg font-feature-liga-off font-feature-clig-off font-feature-calt-off text-decoration-none text-strikethrough-none\">con tejidos procedentes de una s\u00e1bana, un pantal\u00f3n y la tela a rayas era una funda de coj\u00edn.<\/span><\/p>\n<p>Por Promoci\u00f3n Lanzamiento se aplica el 20% de descuento.<\/p>\n","protected":false},"featured_media":1204,"template":"","meta":[],"class_list":["post-1199","product","type-product","status-publish","has-post-thumbnail","hentry","product_cat-venta-ropa-arte-para-usar","product_tag-kimono-unico","product_tag-kimonos","product_tag-ropa-etica-kimonos"],"_links":{"self":[{"href":"http:\/\/florenciaruiz.com\/web\/wp-json\/wp\/v2\/product\/1199","targetHints":{"allow":["GET"]}}],"collection":[{"href":"http:\/\/florenciaruiz.com\/web\/wp-json\/wp\/v2\/product"}],"about":[{"href":"http:\/\/florenciaruiz.com\/web\/wp-json\/wp\/v2\/types\/product"}],"wp:featuredmedia":[{"embeddable":true,"href":"http:\/\/florenciaruiz.com\/web\/wp-json\/wp\/v2\/media\/1204"}],"wp:attachment":[{"href":"http:\/\/florenciaruiz.com\/web\/wp-json\/wp\/v2\/media?parent=1199"}],"curies":[{"name":"wp","href":"https:\/\/api.w.org\/{rel}","templated":true}]}}