{"id":1192,"date":"2025-12-26T17:43:36","date_gmt":"2025-12-26T17:43:36","guid":{"rendered":"https:\/\/florenciaruiz.com\/web\/?post_type=product&#038;p=1192"},"modified":"2025-12-28T15:58:26","modified_gmt":"2025-12-28T15:58:26","slug":"kimono-floral-africano","status":"publish","type":"product","link":"http:\/\/florenciaruiz.com\/web\/product\/kimono-floral-africano\/","title":{"rendered":"Kimono floral africano"},"content":{"rendered":"<p class=\"cvGsUA direction-ltr align-start para-style-body\"><span class=\"a_GcMg font-feature-liga-off font-feature-clig-off font-feature-calt-off text-decoration-none text-strikethrough-none\">Algod\u00f3n fresco, \u00f3ptimo para sentirse frescos y coloridos. Mezcla de estampados y bolsillos recuperados.<\/span><\/p>\n<p class=\"cvGsUA direction-ltr align-start para-style-body\"><span class=\"a_GcMg font-feature-liga-off font-feature-clig-off font-feature-calt-off text-decoration-none text-strikethrough-none\">Una sola pieza.<\/span><\/p>\n","protected":false},"excerpt":{"rendered":"<p><span class=\"a_GcMg font-feature-liga-off font-feature-clig-off font-feature-calt-off text-decoration-none text-strikethrough-none\">Este Kimono alegre nace a partir de un vestido africano, el estampado colorido y vivo me inspir\u00f3 desde el primer contacto. Lo combin\u00e9 con una tela floral, los bordes del cuellos y las mangas eran de un vestido y agregu\u00e9 los bolsillos como toque final que ven\u00edan de otra camisa africana.\u00a0\u00a0<\/span><\/p>\n<p>Por Promoci\u00f3n Lanzamiento se aplica el 20% de descuento.<\/p>\n","protected":false},"featured_media":1197,"template":"","meta":[],"class_list":["post-1192","product","type-product","status-publish","has-post-thumbnail","hentry","product_cat-venta-ropa-arte-para-usar","product_tag-arte-usable","product_tag-kimonos-unicos","product_tag-prendas-eticas"],"_links":{"self":[{"href":"http:\/\/florenciaruiz.com\/web\/wp-json\/wp\/v2\/product\/1192","targetHints":{"allow":["GET"]}}],"collection":[{"href":"http:\/\/florenciaruiz.com\/web\/wp-json\/wp\/v2\/product"}],"about":[{"href":"http:\/\/florenciaruiz.com\/web\/wp-json\/wp\/v2\/types\/product"}],"wp:featuredmedia":[{"embeddable":true,"href":"http:\/\/florenciaruiz.com\/web\/wp-json\/wp\/v2\/media\/1197"}],"wp:attachment":[{"href":"http:\/\/florenciaruiz.com\/web\/wp-json\/wp\/v2\/media?parent=1192"}],"curies":[{"name":"wp","href":"https:\/\/api.w.org\/{rel}","templated":true}]}}