{"id":1187,"date":"2025-12-26T17:23:12","date_gmt":"2025-12-26T17:23:12","guid":{"rendered":"https:\/\/florenciaruiz.com\/web\/?post_type=product&#038;p=1187"},"modified":"2026-03-04T15:05:19","modified_gmt":"2026-03-04T15:05:19","slug":"kimono-bohemio","status":"publish","type":"product","link":"http:\/\/florenciaruiz.com\/web\/product\/kimono-bohemio\/","title":{"rendered":"Kimono Bohemio"},"content":{"rendered":"<p class=\"cvGsUA direction-ltr align-start para-style-body\"><span class=\"a_GcMg font-feature-liga-off font-feature-clig-off font-feature-calt-off text-decoration-none text-strikethrough-none\">Kimono ligero, muy agradable al tacto y colores contrastados.<\/span><\/p>\n<p class=\"cvGsUA direction-ltr align-start para-style-body\"><span class=\"a_GcMg font-feature-liga-off font-feature-clig-off font-feature-calt-off text-decoration-none text-strikethrough-none\">Tejido natural. Texturas suaves y aire bohemio. Pensado para superponer.<\/span><\/p>\n<p class=\"cvGsUA direction-ltr align-start para-style-body\"><span class=\"a_GcMg font-feature-liga-off font-feature-clig-off font-feature-calt-off text-decoration-none text-strikethrough-none\">Pieza \u00fanica.<\/span><\/p>\n<p class=\"cvGsUA direction-ltr align-start para-style-body\">\n","protected":false},"excerpt":{"rendered":"<p class=\"cvGsUA direction-ltr align-start para-style-body\"><span class=\"a_GcMg font-feature-liga-off font-feature-clig-off font-feature-calt-off text-decoration-none text-strikethrough-none\">Su historia comienza en un mercadillo cuando encontr\u00e9 el vestido de color magenta. El vestido vino con sus bolsillos y el encaje amarillo lo tom\u00e9 de otra prenda. Agregu\u00e9 en los bordes de <\/span><span class=\"a_GcMg font-feature-liga-off font-feature-clig-off font-feature-calt-off text-decoration-none text-strikethrough-none\">las mangas un detalle procedente de un vestido playero.<\/span><\/p>\n<p>Por Promoci\u00f3n Lanzamiento se aplica el 20% de descuento.<\/p>\n","protected":false},"featured_media":1188,"template":"","meta":[],"class_list":["post-1187","product","type-product","status-publish","has-post-thumbnail","hentry","product_cat-venta-ropa-arte-para-usar","product_tag-kimono-bohemio","product_tag-ropa-con-historia","product_tag-ropa-etica"],"_links":{"self":[{"href":"http:\/\/florenciaruiz.com\/web\/wp-json\/wp\/v2\/product\/1187","targetHints":{"allow":["GET"]}}],"collection":[{"href":"http:\/\/florenciaruiz.com\/web\/wp-json\/wp\/v2\/product"}],"about":[{"href":"http:\/\/florenciaruiz.com\/web\/wp-json\/wp\/v2\/types\/product"}],"wp:featuredmedia":[{"embeddable":true,"href":"http:\/\/florenciaruiz.com\/web\/wp-json\/wp\/v2\/media\/1188"}],"wp:attachment":[{"href":"http:\/\/florenciaruiz.com\/web\/wp-json\/wp\/v2\/media?parent=1187"}],"curies":[{"name":"wp","href":"https:\/\/api.w.org\/{rel}","templated":true}]}}